{"id":8513,"date":"2023-04-20T20:59:59","date_gmt":"2023-04-20T20:59:59","guid":{"rendered":"https:\/\/probrillos.cl\/?post_type=product&#038;p=8513"},"modified":"2024-12-12T13:15:08","modified_gmt":"2024-12-12T13:15:08","slug":"aseo-hogar-profunda-limpieza","status":"publish","type":"product","link":"https:\/\/probrillos.cl\/index.php\/producto\/aseo-hogar-profunda-limpieza\/","title":{"rendered":"Aseo hogar profunda limpieza"},"content":{"rendered":"<p>Es un mantenimiento de la propiedad de aseo profundo limpieza dentro y fuera de muebles de cocina, desengrasar hornos y campanas, guardapolvos, artefactos de los ba\u00f1os, adornos y muebles del hogar, limpieza de piso, vidrios y desinfecci\u00f3n con m\u00e1quinas a vapor eliminando bacterias que se puedan encontrar en nuestros hogares.<\/p>\n","protected":false},"excerpt":{"rendered":"<p>Es un mantenimiento de la propiedad de aseo profundo limpieza dentro y fuera de muebles de cocina, desengrasar hornos y campanas, guardapolvos, artefactos de los ba\u00f1os, adornos y muebles del hogar, limpieza de piso, vidrios y desinfecci\u00f3n con m\u00e1quinas a vapor eliminando bacterias que se puedan encontrar en nuestros hogares.<\/p>\n","protected":false},"featured_media":9151,"comment_status":"open","ping_status":"closed","template":"","meta":[],"product_brand":[],"product_cat":[74],"product_tag":[],"class_list":{"0":"post-8513","1":"product","2":"type-product","3":"status-publish","4":"has-post-thumbnail","6":"product_cat-servicios","8":"first","9":"instock","10":"shipping-taxable","11":"product-type-simple"},"acf":[],"_links":{"self":[{"href":"https:\/\/probrillos.cl\/index.php\/wp-json\/wp\/v2\/product\/8513","targetHints":{"allow":["GET"]}}],"collection":[{"href":"https:\/\/probrillos.cl\/index.php\/wp-json\/wp\/v2\/product"}],"about":[{"href":"https:\/\/probrillos.cl\/index.php\/wp-json\/wp\/v2\/types\/product"}],"replies":[{"embeddable":true,"href":"https:\/\/probrillos.cl\/index.php\/wp-json\/wp\/v2\/comments?post=8513"}],"wp:featuredmedia":[{"embeddable":true,"href":"https:\/\/probrillos.cl\/index.php\/wp-json\/wp\/v2\/media\/9151"}],"wp:attachment":[{"href":"https:\/\/probrillos.cl\/index.php\/wp-json\/wp\/v2\/media?parent=8513"}],"wp:term":[{"taxonomy":"product_brand","embeddable":true,"href":"https:\/\/probrillos.cl\/index.php\/wp-json\/wp\/v2\/product_brand?post=8513"},{"taxonomy":"product_cat","embeddable":true,"href":"https:\/\/probrillos.cl\/index.php\/wp-json\/wp\/v2\/product_cat?post=8513"},{"taxonomy":"product_tag","embeddable":true,"href":"https:\/\/probrillos.cl\/index.php\/wp-json\/wp\/v2\/product_tag?post=8513"}],"curies":[{"name":"wp","href":"https:\/\/api.w.org\/{rel}","templated":true}]}}