{"id":8539,"date":"2023-04-20T22:00:31","date_gmt":"2023-04-20T22:00:31","guid":{"rendered":"https:\/\/probrillos.cl\/?page_id=8539"},"modified":"2024-12-12T15:33:57","modified_gmt":"2024-12-12T15:33:57","slug":"planes-y-servicios","status":"publish","type":"page","link":"https:\/\/probrillos.cl\/index.php\/planes-y-servicios\/","title":{"rendered":"Planes y Servicios"},"content":{"rendered":"<section class=\"l-section wpb_row height_custom\"><div class=\"l-section-h i-cf\"><div class=\"g-cols vc_row via_flex valign_top type_default stacking_default\"><div class=\"vc_col-sm-12 wpb_column vc_column_container\"><div class=\"vc_column-inner\"><div class=\"wpb_wrapper\"><div class=\"g-cols wpb_row us_custom_6df4bc3a has_text_color via_flex valign_middle type_default stacking_default\"><div class=\"vc_col-sm-12 wpb_column vc_column_container has_bg_color\"><div class=\"vc_column-inner us_custom_57da03b7\"><div class=\"wpb_wrapper\"><div class=\"w-separator size_medium\"><\/div><h3 class=\"w-text us_custom_1f257949\"><span class=\"w-text-h\"><span class=\"w-text-value\">Planes y Servicios de Limpieza<\/span><\/span><\/h3><div class=\"wpb_text_column\"><div class=\"wpb_wrapper\"><h1>Ofrecemos planes flexibles de<br \/>\nlimpieza para el hogar, adaptados<br \/>\na tus necesidades.<\/h1>\n<p>Desde limpiezas regulares hasta puntuales,<br \/>\ncubrimos habitaciones, ba\u00f1os, cocinas, pisos y m\u00e1s.<\/p>\n<\/div><\/div><div class=\"w-separator size_medium\"><\/div><\/div><\/div><\/div><\/div><\/div><\/div><\/div><\/div><\/div><\/section><section class=\"l-section wpb_row height_small\"><div class=\"l-section-h i-cf\"><div class=\"g-cols vc_row via_flex valign_top type_default stacking_default\"><div class=\"vc_col-sm-12 wpb_column vc_column_container\"><div class=\"vc_column-inner\"><div class=\"wpb_wrapper\"><h3 class=\"w-text us_custom_eb849559\"><span class=\"w-text-h\"><span class=\"w-text-value\">Planes y Servicios de Limpieza<\/span><\/span><\/h3><div class=\"w-separator size_small\"><\/div><div class=\"w-grid type_grid layout_8241 cols_3\" id=\"us_grid_1\" style=\"--gap:1.5rem;\" data-filterable=\"true\"><style>@media (max-width:1024px){#us_grid_1 .w-grid-item{width:50%}}@media (max-width:600px){#us_grid_1 .w-grid-list{margin:0}#us_grid_1 .w-grid-item{width:100%;padding:0;margin-bottom:var(--gap,0px)}}.layout_8241 .w-grid-item-h{}.layout_8241 .usg_post_image_1{border-radius:10px!important}.layout_8241 .usg_post_title_1{font-size:20px!important;font-weight:600!important;margin-top:10px!important}<\/style><div class=\"w-grid-list\">\t<article class=\"w-grid-item size_1x1 post-8531 product type-product status-publish has-post-thumbnail product_cat-servicios first instock shipping-taxable product-type-simple\" data-id=\"8531\">\r\n\t\t<div class=\"w-grid-item-h\">\r\n\t\t\t\t\t\t<div class=\"w-vwrapper usg_vwrapper_1 align_center valign_top\"><div class=\"w-post-elm post_image usg_post_image_1 stretched\"><a href=\"https:\/\/probrillos.cl\/index.php\/producto\/decapado-de-piso-flotantes-o-madera\/\" aria-label=\"Decapado de piso flotantes o madera\"><img loading=\"lazy\" decoding=\"async\" width=\"2259\" height=\"1717\" src=\"https:\/\/probrillos.cl\/wp-content\/uploads\/2023\/04\/Probrillos-Planes-y-Servicios-05.webp\" class=\"attachment-full size-full wp-post-image\" alt=\"\" srcset=\"https:\/\/probrillos.cl\/wp-content\/uploads\/2023\/04\/Probrillos-Planes-y-Servicios-05.webp 2259w, https:\/\/probrillos.cl\/wp-content\/uploads\/2023\/04\/Probrillos-Planes-y-Servicios-05-600x456.webp 600w\" sizes=\"auto, (max-width: 2259px) 100vw, 2259px\" \/><\/a><\/div><div class=\"w-post-elm post_title usg_post_title_1 woocommerce-loop-product__title color_link_inherit\"><a href=\"https:\/\/probrillos.cl\/index.php\/producto\/decapado-de-piso-flotantes-o-madera\/\">Decapado de piso flotantes o madera<\/a><\/div><\/div>\t\t<\/div>\r\n\t\t\t<\/article>\r\n\t<article class=\"w-grid-item size_1x1 post-8529 product type-product status-publish has-post-thumbnail product_cat-servicios  instock shipping-taxable product-type-simple\" data-id=\"8529\">\r\n\t\t<div class=\"w-grid-item-h\">\r\n\t\t\t\t\t\t<div class=\"w-vwrapper usg_vwrapper_1 align_center valign_top\"><div class=\"w-post-elm post_image usg_post_image_1 stretched\"><a href=\"https:\/\/probrillos.cl\/index.php\/producto\/limpieza-alfombra-muro-a-muro\/\" aria-label=\"Limpieza alfombra muro a muro\"><img loading=\"lazy\" decoding=\"async\" width=\"2263\" height=\"1725\" src=\"https:\/\/probrillos.cl\/wp-content\/uploads\/2023\/04\/Probrillos-Planes-y-Servicios-06.webp\" class=\"attachment-full size-full wp-post-image\" alt=\"\" srcset=\"https:\/\/probrillos.cl\/wp-content\/uploads\/2023\/04\/Probrillos-Planes-y-Servicios-06.webp 2263w, https:\/\/probrillos.cl\/wp-content\/uploads\/2023\/04\/Probrillos-Planes-y-Servicios-06-600x457.webp 600w\" sizes=\"auto, (max-width: 2263px) 100vw, 2263px\" \/><\/a><\/div><div class=\"w-post-elm post_title usg_post_title_1 woocommerce-loop-product__title color_link_inherit\"><a href=\"https:\/\/probrillos.cl\/index.php\/producto\/limpieza-alfombra-muro-a-muro\/\">Limpieza alfombra muro a muro<\/a><\/div><\/div>\t\t<\/div>\r\n\t\t\t<\/article>\r\n\t<article class=\"w-grid-item size_1x1 post-8513 product type-product status-publish has-post-thumbnail product_cat-servicios  instock shipping-taxable product-type-simple\" data-id=\"8513\">\r\n\t\t<div class=\"w-grid-item-h\">\r\n\t\t\t\t\t\t<div class=\"w-vwrapper usg_vwrapper_1 align_center valign_top\"><div class=\"w-post-elm post_image usg_post_image_1 stretched\"><a href=\"https:\/\/probrillos.cl\/index.php\/producto\/aseo-hogar-profunda-limpieza\/\" aria-label=\"Aseo hogar profunda limpieza\"><img loading=\"lazy\" decoding=\"async\" width=\"2259\" height=\"1725\" src=\"https:\/\/probrillos.cl\/wp-content\/uploads\/2023\/04\/Probrillos-Planes-y-Servicios-07.webp\" class=\"attachment-full size-full wp-post-image\" alt=\"\" srcset=\"https:\/\/probrillos.cl\/wp-content\/uploads\/2023\/04\/Probrillos-Planes-y-Servicios-07.webp 2259w, https:\/\/probrillos.cl\/wp-content\/uploads\/2023\/04\/Probrillos-Planes-y-Servicios-07-600x458.webp 600w\" sizes=\"auto, (max-width: 2259px) 100vw, 2259px\" \/><\/a><\/div><div class=\"w-post-elm post_title usg_post_title_1 woocommerce-loop-product__title color_link_inherit\"><a href=\"https:\/\/probrillos.cl\/index.php\/producto\/aseo-hogar-profunda-limpieza\/\">Aseo hogar profunda limpieza<\/a><\/div><\/div>\t\t<\/div>\r\n\t\t\t<\/article>\r\n\t<article class=\"w-grid-item size_1x1 post-8511 product type-product status-publish has-post-thumbnail product_cat-servicios last instock shipping-taxable product-type-simple\" data-id=\"8511\">\r\n\t\t<div class=\"w-grid-item-h\">\r\n\t\t\t\t\t\t<div class=\"w-vwrapper usg_vwrapper_1 align_center valign_top\"><div class=\"w-post-elm post_image usg_post_image_1 stretched\"><a href=\"https:\/\/probrillos.cl\/index.php\/producto\/aseo-hogar-diario\/\" aria-label=\"Aseo hogar diario\"><img loading=\"lazy\" decoding=\"async\" width=\"2259\" height=\"1721\" src=\"https:\/\/probrillos.cl\/wp-content\/uploads\/2023\/04\/Probrillos-Planes-y-Servicios-08.webp\" class=\"attachment-full size-full wp-post-image\" alt=\"\" srcset=\"https:\/\/probrillos.cl\/wp-content\/uploads\/2023\/04\/Probrillos-Planes-y-Servicios-08.webp 2259w, https:\/\/probrillos.cl\/wp-content\/uploads\/2023\/04\/Probrillos-Planes-y-Servicios-08-600x457.webp 600w\" sizes=\"auto, (max-width: 2259px) 100vw, 2259px\" \/><\/a><\/div><div class=\"w-post-elm post_title usg_post_title_1 woocommerce-loop-product__title color_link_inherit\"><a href=\"https:\/\/probrillos.cl\/index.php\/producto\/aseo-hogar-diario\/\">Aseo hogar diario<\/a><\/div><\/div>\t\t<\/div>\r\n\t\t\t<\/article>\r\n\t<article class=\"w-grid-item size_1x1 post-8509 product type-product status-publish has-post-thumbnail product_cat-servicios first instock shipping-taxable product-type-simple\" data-id=\"8509\">\r\n\t\t<div class=\"w-grid-item-h\">\r\n\t\t\t\t\t\t<div class=\"w-vwrapper usg_vwrapper_1 align_center valign_top\"><div class=\"w-post-elm post_image usg_post_image_1 stretched\"><a href=\"https:\/\/probrillos.cl\/index.php\/producto\/limpieza-pre-y-post-mudanza\/\" aria-label=\"Limpieza pre y post mudanza\"><img loading=\"lazy\" decoding=\"async\" width=\"2263\" height=\"1721\" src=\"https:\/\/probrillos.cl\/wp-content\/uploads\/2023\/04\/Probrillos-Planes-y-Servicios-09.webp\" class=\"attachment-full size-full wp-post-image\" alt=\"\" srcset=\"https:\/\/probrillos.cl\/wp-content\/uploads\/2023\/04\/Probrillos-Planes-y-Servicios-09.webp 2263w, https:\/\/probrillos.cl\/wp-content\/uploads\/2023\/04\/Probrillos-Planes-y-Servicios-09-600x456.webp 600w\" sizes=\"auto, (max-width: 2263px) 100vw, 2263px\" \/><\/a><\/div><div class=\"w-post-elm post_title usg_post_title_1 woocommerce-loop-product__title color_link_inherit\"><a href=\"https:\/\/probrillos.cl\/index.php\/producto\/limpieza-pre-y-post-mudanza\/\">Limpieza pre y post mudanza<\/a><\/div><\/div>\t\t<\/div>\r\n\t\t\t<\/article>\r\n\t<article class=\"w-grid-item size_1x1 post-8507 product type-product status-publish has-post-thumbnail product_cat-servicios  instock shipping-taxable product-type-simple\" data-id=\"8507\">\r\n\t\t<div class=\"w-grid-item-h\">\r\n\t\t\t\t\t\t<div class=\"w-vwrapper usg_vwrapper_1 align_center valign_top\"><div class=\"w-post-elm post_image usg_post_image_1 stretched\"><a href=\"https:\/\/probrillos.cl\/index.php\/producto\/limpieza-profunda-post-remodelacion\/\" aria-label=\"Limpieza profunda post remodelaci\u00f3n\"><img loading=\"lazy\" decoding=\"async\" width=\"2259\" height=\"1721\" src=\"https:\/\/probrillos.cl\/wp-content\/uploads\/2023\/04\/Probrillos-Planes-y-Servicios-10.webp\" class=\"attachment-full size-full wp-post-image\" alt=\"\" srcset=\"https:\/\/probrillos.cl\/wp-content\/uploads\/2023\/04\/Probrillos-Planes-y-Servicios-10.webp 2259w, https:\/\/probrillos.cl\/wp-content\/uploads\/2023\/04\/Probrillos-Planes-y-Servicios-10-600x457.webp 600w\" sizes=\"auto, (max-width: 2259px) 100vw, 2259px\" \/><\/a><\/div><div class=\"w-post-elm post_title usg_post_title_1 woocommerce-loop-product__title color_link_inherit\"><a href=\"https:\/\/probrillos.cl\/index.php\/producto\/limpieza-profunda-post-remodelacion\/\">Limpieza profunda post remodelaci\u00f3n<\/a><\/div><\/div>\t\t<\/div>\r\n\t\t\t<\/article>\r\n<\/div><div class=\"w-grid-preloader\">\t<div class=\"g-preloader type_1\">\r\n\t\t<div><\/div>\r\n\t<\/div>\r\n\t<\/div>\t<div class=\"w-grid-json hidden\" onclick='return {&quot;action&quot;:&quot;us_ajax_grid&quot;,&quot;infinite_scroll&quot;:0,&quot;max_num_pages&quot;:1,&quot;pagination&quot;:&quot;none&quot;,&quot;template_vars&quot;:{&quot;columns&quot;:&quot;3&quot;,&quot;exclude_items&quot;:&quot;none&quot;,&quot;img_size&quot;:&quot;default&quot;,&quot;ignore_items_size&quot;:0,&quot;items_layout&quot;:&quot;8241&quot;,&quot;items_offset&quot;:&quot;1&quot;,&quot;load_animation&quot;:&quot;none&quot;,&quot;overriding_link&quot;:&quot;%7B%22url%22%3A%22%22%7D&quot;,&quot;post_id&quot;:0,&quot;query_args&quot;:{&quot;post_type&quot;:[&quot;product&quot;],&quot;tax_query&quot;:[{&quot;taxonomy&quot;:&quot;product_cat&quot;,&quot;field&quot;:&quot;slug&quot;,&quot;terms&quot;:[&quot;servicios&quot;]},{&quot;taxonomy&quot;:&quot;product_visibility&quot;,&quot;field&quot;:&quot;slug&quot;,&quot;terms&quot;:[&quot;exclude-from-catalog&quot;],&quot;operator&quot;:&quot;NOT IN&quot;}],&quot;post_status&quot;:[&quot;publish&quot;,&quot;acf-disabled&quot;],&quot;meta_query&quot;:[],&quot;posts_per_page&quot;:&quot;10&quot;},&quot;orderby_query_args&quot;:{&quot;orderby&quot;:{&quot;date&quot;:&quot;DESC&quot;}},&quot;type&quot;:&quot;grid&quot;,&quot;us_grid_post_type&quot;:&quot;product&quot;,&quot;us_grid_ajax_index&quot;:1,&quot;us_grid_filter_query_string&quot;:null,&quot;us_grid_index&quot;:1,&quot;page_args&quot;:[]}}'><\/div>\r\n\t<\/div><\/div><\/div><\/div><\/div><\/div><\/section><section class=\"l-section wpb_row height_custom\"><div class=\"l-section-h i-cf\"><div class=\"g-cols vc_row via_flex valign_top type_default stacking_default\"><div class=\"vc_col-sm-12 wpb_column vc_column_container\"><div class=\"vc_column-inner\"><div class=\"wpb_wrapper\"><div class=\"g-cols wpb_row us_custom_87383dae has_text_color via_flex valign_middle type_default stacking_default\"><div class=\"vc_col-sm-2 wpb_column vc_column_container\"><div class=\"vc_column-inner\"><div class=\"wpb_wrapper\"><\/div><\/div><\/div><div class=\"vc_col-sm-8 wpb_column vc_column_container\"><div class=\"vc_column-inner\"><div class=\"wpb_wrapper\"><div class=\"w-separator size_medium\"><\/div><div class=\"wpb_text_column\"><div class=\"wpb_wrapper\"><h2 style=\"text-align: center;\">\u00a1Deja la limpieza en manos de expertos y disfruta de un hogar impecable!<\/h2>\n<\/div><\/div><div class=\"w-separator size_medium\"><\/div><\/div><\/div><\/div><div class=\"vc_col-sm-2 wpb_column vc_column_container\"><div class=\"vc_column-inner\"><div class=\"wpb_wrapper\"><\/div><\/div><\/div><\/div><\/div><\/div><\/div><\/div><\/div><\/section>\n","protected":false},"excerpt":{"rendered":"Es un servicio de aseo profundo que incluye limpieza de pintura, yeso, polvillos y pasta muro que queda en vidrio, pisos, artefactos de ba\u00f1o y cocina interruptores el\u00e9ctricos y dem\u00e1s lugares de la vivienda.","protected":false},"author":2,"featured_media":0,"parent":0,"menu_order":0,"comment_status":"closed","ping_status":"closed","template":"","meta":{"footnotes":""},"class_list":["post-8539","page","type-page","status-publish","hentry"],"acf":[],"_links":{"self":[{"href":"https:\/\/probrillos.cl\/index.php\/wp-json\/wp\/v2\/pages\/8539","targetHints":{"allow":["GET"]}}],"collection":[{"href":"https:\/\/probrillos.cl\/index.php\/wp-json\/wp\/v2\/pages"}],"about":[{"href":"https:\/\/probrillos.cl\/index.php\/wp-json\/wp\/v2\/types\/page"}],"author":[{"embeddable":true,"href":"https:\/\/probrillos.cl\/index.php\/wp-json\/wp\/v2\/users\/2"}],"replies":[{"embeddable":true,"href":"https:\/\/probrillos.cl\/index.php\/wp-json\/wp\/v2\/comments?post=8539"}],"version-history":[{"count":14,"href":"https:\/\/probrillos.cl\/index.php\/wp-json\/wp\/v2\/pages\/8539\/revisions"}],"predecessor-version":[{"id":9178,"href":"https:\/\/probrillos.cl\/index.php\/wp-json\/wp\/v2\/pages\/8539\/revisions\/9178"}],"wp:attachment":[{"href":"https:\/\/probrillos.cl\/index.php\/wp-json\/wp\/v2\/media?parent=8539"}],"curies":[{"name":"wp","href":"https:\/\/api.w.org\/{rel}","templated":true}]}}